{"id":5884,"date":"2024-08-28T14:04:23","date_gmt":"2024-08-28T12:04:23","guid":{"rendered":"https:\/\/atlasmarketingstudio.com\/services\/"},"modified":"2024-09-18T16:18:31","modified_gmt":"2024-09-18T14:18:31","slug":"servicios","status":"publish","type":"page","link":"https:\/\/atlasmarketingstudio.com\/es\/servicios\/","title":{"rendered":"Servicios"},"content":{"rendered":"\t\t<div data-elementor-type=\"wp-page\" data-elementor-id=\"5884\" class=\"elementor elementor-5884 elementor-564\" data-elementor-post-type=\"page\">\n\t\t\t\t<div class=\"elementor-element elementor-element-e9f7b94 e-con-full elementor-hidden-mobile e-flex e-con e-parent\" data-id=\"e9f7b94\" data-element_type=\"container\" data-e-type=\"container\">\n\t\t<div class=\"elementor-element elementor-element-41d5ad4 e-con-full e-flex e-con e-child\" data-id=\"41d5ad4\" data-element_type=\"container\" data-e-type=\"container\">\n\t\t\t\t<div class=\"elementor-element elementor-element-fa61d99 elementor-widget elementor-widget-heading\" data-id=\"fa61d99\" data-element_type=\"widget\" data-e-type=\"widget\" data-widget_type=\"heading.default\">\n\t\t\t\t\t<h1 class=\"elementor-heading-title elementor-size-default\">Nuestros servicios est\u00e1n dise\u00f1ados para mejorar la presencia de tu marca en distintos mercados y obtener resultados.<\/h1>\t\t\t\t<\/div>\n\t\t\t\t<div class=\"elementor-element elementor-element-37a3bee elementor-widget elementor-widget-text-editor\" data-id=\"37a3bee\" data-element_type=\"widget\" data-e-type=\"widget\" data-widget_type=\"text-editor.default\">\n\t\t\t\t\t\t\t\t\t<p>Desde la creaci\u00f3n de contenido atractivo hasta soluciones estrat\u00e9gicas, estamos aqu\u00ed para amplificar tu mensaje y superar tus objetivos.<\/p>\t\t\t\t\t\t\t\t<\/div>\n\t\t\t\t<div class=\"elementor-element elementor-element-558bbb9 elementor-view-default elementor-widget elementor-widget-icon\" data-id=\"558bbb9\" data-element_type=\"widget\" data-e-type=\"widget\" data-widget_type=\"icon.default\">\n\t\t\t\t\t\t\t<div class=\"elementor-icon-wrapper\">\n\t\t\t<div class=\"elementor-icon\">\n\t\t\t<i aria-hidden=\"true\" class=\"icon icon-flecha_negra\"><\/i>\t\t\t<\/div>\n\t\t<\/div>\n\t\t\t\t\t\t<\/div>\n\t\t\t\t<\/div>\n\t\t\t\t<\/div>\n\t\t<div class=\"elementor-element elementor-element-a1c0ff9 e-con-full elementor-hidden-mobile e-flex e-con e-parent\" data-id=\"a1c0ff9\" data-element_type=\"container\" data-e-type=\"container\">\n\t\t\t\t<div class=\"elementor-element elementor-element-c548d8d elementor-view-default elementor-widget elementor-widget-icon\" data-id=\"c548d8d\" data-element_type=\"widget\" data-e-type=\"widget\" data-settings=\"{&quot;motion_fx_motion_fx_scrolling&quot;:&quot;yes&quot;,&quot;motion_fx_rotateZ_effect&quot;:&quot;yes&quot;,&quot;motion_fx_rotateZ_speed&quot;:{&quot;unit&quot;:&quot;px&quot;,&quot;size&quot;:5,&quot;sizes&quot;:[]},&quot;motion_fx_rotateZ_affectedRange&quot;:{&quot;unit&quot;:&quot;%&quot;,&quot;size&quot;:&quot;&quot;,&quot;sizes&quot;:{&quot;start&quot;:0,&quot;end&quot;:100}},&quot;motion_fx_devices&quot;:[&quot;desktop&quot;,&quot;tablet&quot;,&quot;mobile&quot;]}\" data-widget_type=\"icon.default\">\n\t\t\t\t\t\t\t<div class=\"elementor-icon-wrapper\">\n\t\t\t<div class=\"elementor-icon\">\n\t\t\t<i aria-hidden=\"true\" class=\"icon icon-asterisco_negro\"><\/i>\t\t\t<\/div>\n\t\t<\/div>\n\t\t\t\t\t\t<\/div>\n\t\t\t\t<div class=\"elementor-element elementor-element-ba9583e elementor-widget elementor-widget-image\" data-id=\"ba9583e\" data-element_type=\"widget\" data-e-type=\"widget\" data-settings=\"{&quot;motion_fx_motion_fx_scrolling&quot;:&quot;yes&quot;,&quot;motion_fx_scale_effect&quot;:&quot;yes&quot;,&quot;motion_fx_scale_speed&quot;:{&quot;unit&quot;:&quot;px&quot;,&quot;size&quot;:-3,&quot;sizes&quot;:[]},&quot;motion_fx_scale_range&quot;:{&quot;unit&quot;:&quot;%&quot;,&quot;size&quot;:&quot;&quot;,&quot;sizes&quot;:{&quot;start&quot;:54,&quot;end&quot;:100}},&quot;motion_fx_scale_direction&quot;:&quot;out-in&quot;,&quot;motion_fx_devices&quot;:[&quot;desktop&quot;,&quot;tablet&quot;,&quot;mobile&quot;]}\" data-widget_type=\"image.default\">\n\t\t\t\t\t\t\t\t\t\t\t\t\t\t\t<img loading=\"lazy\" decoding=\"async\" width=\"244\" height=\"244\" src=\"https:\/\/atlasmarketingstudio.com\/wp-content\/uploads\/2024\/06\/service_icon2.svg\" class=\"attachment-full size-full wp-image-4281\" alt=\"\" \/>\t\t\t\t\t\t\t\t\t\t\t\t\t\t\t<\/div>\n\t\t\t\t<div class=\"elementor-element elementor-element-458b43a elementor-widget elementor-widget-image\" data-id=\"458b43a\" data-element_type=\"widget\" data-e-type=\"widget\" data-settings=\"{&quot;motion_fx_motion_fx_scrolling&quot;:&quot;yes&quot;,&quot;motion_fx_rotateZ_effect&quot;:&quot;yes&quot;,&quot;motion_fx_rotateZ_direction&quot;:&quot;negative&quot;,&quot;motion_fx_rotateZ_speed&quot;:{&quot;unit&quot;:&quot;px&quot;,&quot;size&quot;:3,&quot;sizes&quot;:[]},&quot;motion_fx_scale_effect&quot;:&quot;yes&quot;,&quot;motion_fx_scale_speed&quot;:{&quot;unit&quot;:&quot;px&quot;,&quot;size&quot;:2,&quot;sizes&quot;:[]},&quot;motion_fx_scale_range&quot;:{&quot;unit&quot;:&quot;%&quot;,&quot;size&quot;:&quot;&quot;,&quot;sizes&quot;:{&quot;start&quot;:53,&quot;end&quot;:100}},&quot;motion_fx_rotateZ_affectedRange&quot;:{&quot;unit&quot;:&quot;%&quot;,&quot;size&quot;:&quot;&quot;,&quot;sizes&quot;:{&quot;start&quot;:0,&quot;end&quot;:100}},&quot;motion_fx_scale_direction&quot;:&quot;out-in&quot;,&quot;motion_fx_devices&quot;:[&quot;desktop&quot;,&quot;tablet&quot;,&quot;mobile&quot;]}\" data-widget_type=\"image.default\">\n\t\t\t\t\t\t\t\t\t\t\t\t\t\t\t<img loading=\"lazy\" decoding=\"async\" width=\"248\" height=\"247\" src=\"https:\/\/atlasmarketingstudio.com\/wp-content\/uploads\/2024\/06\/Group-156.svg\" class=\"attachment-full size-full wp-image-4282\" alt=\"\" \/>\t\t\t\t\t\t\t\t\t\t\t\t\t\t\t<\/div>\n\t\t\t\t<div class=\"elementor-element elementor-element-5a107bf elementor-widget elementor-widget-image\" data-id=\"5a107bf\" data-element_type=\"widget\" data-e-type=\"widget\" data-settings=\"{&quot;motion_fx_motion_fx_scrolling&quot;:&quot;yes&quot;,&quot;motion_fx_rotateZ_effect&quot;:&quot;yes&quot;,&quot;motion_fx_rotateZ_speed&quot;:{&quot;unit&quot;:&quot;px&quot;,&quot;size&quot;:3,&quot;sizes&quot;:[]},&quot;motion_fx_rotateZ_affectedRange&quot;:{&quot;unit&quot;:&quot;%&quot;,&quot;size&quot;:&quot;&quot;,&quot;sizes&quot;:{&quot;start&quot;:0,&quot;end&quot;:100}},&quot;motion_fx_devices&quot;:[&quot;desktop&quot;,&quot;tablet&quot;,&quot;mobile&quot;]}\" data-widget_type=\"image.default\">\n\t\t\t\t\t\t\t\t\t\t\t\t\t\t\t<img loading=\"lazy\" decoding=\"async\" width=\"297\" height=\"245\" src=\"https:\/\/atlasmarketingstudio.com\/wp-content\/uploads\/2024\/06\/Group-389.svg\" class=\"attachment-full size-full wp-image-4283\" alt=\"\" \/>\t\t\t\t\t\t\t\t\t\t\t\t\t\t\t<\/div>\n\t\t\t\t<div class=\"elementor-element elementor-element-45ae7ec elementor-widget elementor-widget-image\" data-id=\"45ae7ec\" data-element_type=\"widget\" data-e-type=\"widget\" data-settings=\"{&quot;motion_fx_motion_fx_scrolling&quot;:&quot;yes&quot;,&quot;motion_fx_rotateZ_effect&quot;:&quot;yes&quot;,&quot;motion_fx_rotateZ_direction&quot;:&quot;negative&quot;,&quot;motion_fx_rotateZ_speed&quot;:{&quot;unit&quot;:&quot;px&quot;,&quot;size&quot;:3,&quot;sizes&quot;:[]},&quot;motion_fx_rotateZ_affectedRange&quot;:{&quot;unit&quot;:&quot;%&quot;,&quot;size&quot;:&quot;&quot;,&quot;sizes&quot;:{&quot;start&quot;:0,&quot;end&quot;:100}},&quot;motion_fx_devices&quot;:[&quot;desktop&quot;,&quot;tablet&quot;,&quot;mobile&quot;]}\" data-widget_type=\"image.default\">\n\t\t\t\t\t\t\t\t\t\t\t\t\t\t\t<img loading=\"lazy\" decoding=\"async\" width=\"268\" height=\"309\" src=\"https:\/\/atlasmarketingstudio.com\/wp-content\/uploads\/2024\/06\/Group-259.svg\" class=\"attachment-full size-full wp-image-4284\" alt=\"\" \/>\t\t\t\t\t\t\t\t\t\t\t\t\t\t\t<\/div>\n\t\t\t\t<\/div>\n\t\t<div class=\"elementor-element elementor-element-153ff42 e-con-full elementor-hidden-mobile e-flex e-con e-parent\" data-id=\"153ff42\" data-element_type=\"container\" data-e-type=\"container\">\n\t\t\t\t<div class=\"elementor-element elementor-element-ff03460 elementor-align-start elementor-icon-list--layout-traditional elementor-list-item-link-full_width elementor-widget elementor-widget-icon-list\" data-id=\"ff03460\" data-element_type=\"widget\" data-e-type=\"widget\" data-widget_type=\"icon-list.default\">\n\t\t\t\t\t\t\t<ul class=\"elementor-icon-list-items\">\n\t\t\t\t\t\t\t<li class=\"elementor-icon-list-item\">\n\t\t\t\t\t\t\t\t\t\t\t<a href=\"https:\/\/atlasmarketingstudio.com\/es\/servicios\/conceptualizacion-y-estrategia\">\n\n\t\t\t\t\t\t\t\t\t\t\t\t<span class=\"elementor-icon-list-icon\">\n\t\t\t\t\t\t\t<i aria-hidden=\"true\" class=\"icon icon-asterisco_rosa\"><\/i>\t\t\t\t\t\t<\/span>\n\t\t\t\t\t\t\t\t\t\t<span class=\"elementor-icon-list-text\">Conceptualizaci\u00f3n y estrategia<\/span>\n\t\t\t\t\t\t\t\t\t\t\t<\/a>\n\t\t\t\t\t\t\t\t\t<\/li>\n\t\t\t\t\t\t\t\t<li class=\"elementor-icon-list-item\">\n\t\t\t\t\t\t\t\t\t\t\t<a href=\"https:\/\/atlasmarketingstudio.com\/es\/servicios\/creatividad-branding-diseno\">\n\n\t\t\t\t\t\t\t\t\t\t\t\t<span class=\"elementor-icon-list-icon\">\n\t\t\t\t\t\t\t<i aria-hidden=\"true\" class=\"icon icon-asterisco_verde\"><\/i>\t\t\t\t\t\t<\/span>\n\t\t\t\t\t\t\t\t\t\t<span class=\"elementor-icon-list-text\">Creatividad, Branding &amp; Dise\u00f1o<\/span>\n\t\t\t\t\t\t\t\t\t\t\t<\/a>\n\t\t\t\t\t\t\t\t\t<\/li>\n\t\t\t\t\t\t\t\t<li class=\"elementor-icon-list-item\">\n\t\t\t\t\t\t\t\t\t\t\t<a href=\"https:\/\/atlasmarketingstudio.com\/es\/servicios\/planificacion-y-compra-medios\">\n\n\t\t\t\t\t\t\t\t\t\t\t\t<span class=\"elementor-icon-list-icon\">\n\t\t\t\t\t\t\t<i aria-hidden=\"true\" class=\"icon icon-asterisco_naranja\"><\/i>\t\t\t\t\t\t<\/span>\n\t\t\t\t\t\t\t\t\t\t<span class=\"elementor-icon-list-text\">Planificaci\u00f3n y compra de medios<\/span>\n\t\t\t\t\t\t\t\t\t\t\t<\/a>\n\t\t\t\t\t\t\t\t\t<\/li>\n\t\t\t\t\t\t\t\t<li class=\"elementor-icon-list-item\">\n\t\t\t\t\t\t\t\t\t\t\t<a href=\"https:\/\/atlasmarketingstudio.com\/es\/servicios\/produccion-y-contenido-a-escala\">\n\n\t\t\t\t\t\t\t\t\t\t\t\t<span class=\"elementor-icon-list-icon\">\n\t\t\t\t\t\t\t<i aria-hidden=\"true\" class=\"icon icon-asterisco_rojo\"><\/i>\t\t\t\t\t\t<\/span>\n\t\t\t\t\t\t\t\t\t\t<span class=\"elementor-icon-list-text\">Producci\u00f3n y contenido a escala<\/span>\n\t\t\t\t\t\t\t\t\t\t\t<\/a>\n\t\t\t\t\t\t\t\t\t<\/li>\n\t\t\t\t\t\t\t\t<li class=\"elementor-icon-list-item\">\n\t\t\t\t\t\t\t\t\t\t\t<a href=\"https:\/\/atlasmarketingstudio.com\/es\/servicios\/campanas-offline-y-online\">\n\n\t\t\t\t\t\t\t\t\t\t\t\t<span class=\"elementor-icon-list-icon\">\n\t\t\t\t\t\t\t<i aria-hidden=\"true\" class=\"icon icon-asterisco_amarillo\"><\/i>\t\t\t\t\t\t<\/span>\n\t\t\t\t\t\t\t\t\t\t<span class=\"elementor-icon-list-text\">Campa\u00f1as offline y online<\/span>\n\t\t\t\t\t\t\t\t\t\t\t<\/a>\n\t\t\t\t\t\t\t\t\t<\/li>\n\t\t\t\t\t\t\t\t<li class=\"elementor-icon-list-item\">\n\t\t\t\t\t\t\t\t\t\t\t<a href=\"https:\/\/atlasmarketingstudio.com\/es\/servicios\/patrocionios-colaboraciones-marca-eventos\">\n\n\t\t\t\t\t\t\t\t\t\t\t\t<span class=\"elementor-icon-list-icon\">\n\t\t\t\t\t\t\t<i aria-hidden=\"true\" class=\"icon icon-asterisco_azul\"><\/i>\t\t\t\t\t\t<\/span>\n\t\t\t\t\t\t\t\t\t\t<span class=\"elementor-icon-list-text\">Patrocinios, colaboraciones de marca y eventos<\/span>\n\t\t\t\t\t\t\t\t\t\t\t<\/a>\n\t\t\t\t\t\t\t\t\t<\/li>\n\t\t\t\t\t\t<\/ul>\n\t\t\t\t\t\t<\/div>\n\t\t\t\t<\/div>\n\t\t<div class=\"elementor-element elementor-element-74dc412 e-con-full elementor-hidden-mobile e-flex e-con e-parent\" data-id=\"74dc412\" data-element_type=\"container\" data-e-type=\"container\" data-settings=\"{&quot;background_background&quot;:&quot;classic&quot;}\">\n\t\t\t\t<div class=\"elementor-element elementor-element-2d9ee58 elementor-widget__width-inherit elementor-absolute elementor-view-default elementor-widget elementor-widget-icon\" data-id=\"2d9ee58\" data-element_type=\"widget\" data-e-type=\"widget\" data-settings=\"{&quot;_position&quot;:&quot;absolute&quot;}\" data-widget_type=\"icon.default\">\n\t\t\t\t\t\t\t<div class=\"elementor-icon-wrapper\">\n\t\t\t<div class=\"elementor-icon\">\n\t\t\t<i aria-hidden=\"true\" class=\"icon icon-asterisco_negro\"><\/i>\t\t\t<\/div>\n\t\t<\/div>\n\t\t\t\t\t\t<\/div>\n\t\t\t\t<div class=\"elementor-element elementor-element-2d71235 elementor-widget__width-initial elementor-widget elementor-widget-heading\" data-id=\"2d71235\" data-element_type=\"widget\" data-e-type=\"widget\" data-widget_type=\"heading.default\">\n\t\t\t\t\t<h2 class=\"elementor-heading-title elementor-size-default\">Agenda una llamada con nosotros para que evaluemos juntos c\u00f3mo podemos ayudarte a posicionar tu marca en cualquier mercado.<\/h2>\t\t\t\t<\/div>\n\t\t<div class=\"elementor-element elementor-element-d1076bd e-con-full e-flex e-con e-child\" data-id=\"d1076bd\" data-element_type=\"container\" data-e-type=\"container\">\n\t\t\t\t<div class=\"elementor-element elementor-element-53ba5b1 elementor-align-left elementor-widget elementor-widget-button\" data-id=\"53ba5b1\" data-element_type=\"widget\" data-e-type=\"widget\" data-widget_type=\"button.default\">\n\t\t\t\t\t\t\t\t\t\t<a class=\"elementor-button elementor-button-link elementor-size-sm\" href=\"https:\/\/atlasmarketingstudio.com\/es\/contacto\/\">\n\t\t\t\t\t\t<span class=\"elementor-button-content-wrapper\">\n\t\t\t\t\t\t\t\t\t<span class=\"elementor-button-text\">Ponte en contacto<\/span>\n\t\t\t\t\t<\/span>\n\t\t\t\t\t<\/a>\n\t\t\t\t\t\t\t\t<\/div>\n\t\t\t\t<div class=\"elementor-element elementor-element-208dd08 elementor-widget elementor-widget-text-editor\" data-id=\"208dd08\" data-element_type=\"widget\" data-e-type=\"widget\" data-widget_type=\"text-editor.default\">\n\t\t\t\t\t\t\t\t\t<p>con nuestro equipo.<\/p>\t\t\t\t\t\t\t\t<\/div>\n\t\t\t\t<\/div>\n\t\t\t\t<\/div>\n\t\t\t\t<\/div>\n\t\t","protected":false},"excerpt":{"rendered":"Servicios \/*! elementor - v3.23.0 - 25-07-2024 *\/\n.elementor-heading-title{padding:0;margin:0;line-height:1}.elementor-widget-heading .elementor-heading-title[class*=elementor-size-]>a{color:inherit;font-size:inherit;line-height:inherit}.elementor-widget-heading .elementor-heading-title.elementor-size-small{font-size:15px}.elementor-widget-heading .elementor-heading-title.elementor-size-medium{font-size:19px}.elementor-widget-heading .elementor-heading-title.elementor-size-large{font-size:29px}.elementor-widget-heading .elementor-heading-title.elementor-size-xl{font-size:39px}.elementor-widget-heading...","protected":false},"author":1,"featured_media":0,"parent":0,"menu_order":0,"comment_status":"closed","ping_status":"closed","template":"","meta":{"_acf_changed":false,"footnotes":""},"class_list":["post-5884","page","type-page","status-publish","hentry"],"acf":[],"yoast_head":"<!-- This site is optimized with the Yoast SEO plugin v26.9 - https:\/\/yoast.com\/product\/yoast-seo-wordpress\/ -->\n<title>Servicios - Atlas Marketing Studio<\/title>\n<meta name=\"robots\" content=\"index, follow, max-snippet:-1, max-image-preview:large, max-video-preview:-1\" \/>\n<link rel=\"canonical\" href=\"https:\/\/atlasmarketingstudio.com\/es\/servicios\/\" \/>\n<meta property=\"og:locale\" content=\"es_ES\" \/>\n<meta property=\"og:type\" content=\"article\" \/>\n<meta property=\"og:title\" content=\"Servicios - Atlas Marketing Studio\" \/>\n<meta property=\"og:description\" content=\"Nuestros servicios est\u00e1n dise\u00f1ados para mejorar la presencia de tu marca en distintos mercados y obtener resultados. Desde la creaci\u00f3n de contenido atractivo hasta soluciones estrat\u00e9gicas, estamos aqu\u00ed para amplificar tu mensaje y superar tus objetivos. Conceptualizaci\u00f3n y estrategia Creatividad, Branding &#038; Dise\u00f1o Planificaci\u00f3n y compra de medios Producci\u00f3n y contenido a escala Campa\u00f1as offline [&hellip;]\" \/>\n<meta property=\"og:url\" content=\"https:\/\/atlasmarketingstudio.com\/es\/servicios\/\" \/>\n<meta property=\"og:site_name\" content=\"Atlas Marketing Studio\" \/>\n<meta property=\"article:modified_time\" content=\"2024-09-18T14:18:31+00:00\" \/>\n<meta property=\"og:image\" content=\"https:\/\/atlasmarketingstudio.com\/wp-content\/uploads\/2025\/08\/Atlas-Marketing-Studio_international-agency_foodandbeverage_worldwide.png\" \/>\n\t<meta property=\"og:image:width\" content=\"1200\" \/>\n\t<meta property=\"og:image:height\" content=\"675\" \/>\n\t<meta property=\"og:image:type\" content=\"image\/png\" \/>\n<meta name=\"twitter:card\" content=\"summary_large_image\" \/>\n<script type=\"application\/ld+json\" class=\"yoast-schema-graph\">{\"@context\":\"https:\/\/schema.org\",\"@graph\":[{\"@type\":\"WebPage\",\"@id\":\"https:\/\/atlasmarketingstudio.com\/es\/servicios\/\",\"url\":\"https:\/\/atlasmarketingstudio.com\/es\/servicios\/\",\"name\":\"Servicios - Atlas Marketing Studio\",\"isPartOf\":{\"@id\":\"https:\/\/atlasmarketingstudio.com\/es\/#website\"},\"primaryImageOfPage\":{\"@id\":\"https:\/\/atlasmarketingstudio.com\/es\/servicios\/#primaryimage\"},\"image\":{\"@id\":\"https:\/\/atlasmarketingstudio.com\/es\/servicios\/#primaryimage\"},\"thumbnailUrl\":\"https:\/\/atlasmarketingstudio.com\/wp-content\/uploads\/2024\/06\/service_icon2.svg\",\"datePublished\":\"2024-08-28T12:04:23+00:00\",\"dateModified\":\"2024-09-18T14:18:31+00:00\",\"breadcrumb\":{\"@id\":\"https:\/\/atlasmarketingstudio.com\/es\/servicios\/#breadcrumb\"},\"inLanguage\":\"es\",\"potentialAction\":[{\"@type\":\"ReadAction\",\"target\":[\"https:\/\/atlasmarketingstudio.com\/es\/servicios\/\"]}]},{\"@type\":\"ImageObject\",\"inLanguage\":\"es\",\"@id\":\"https:\/\/atlasmarketingstudio.com\/es\/servicios\/#primaryimage\",\"url\":\"https:\/\/atlasmarketingstudio.com\/wp-content\/uploads\/2024\/06\/service_icon2.svg\",\"contentUrl\":\"https:\/\/atlasmarketingstudio.com\/wp-content\/uploads\/2024\/06\/service_icon2.svg\"},{\"@type\":\"BreadcrumbList\",\"@id\":\"https:\/\/atlasmarketingstudio.com\/es\/servicios\/#breadcrumb\",\"itemListElement\":[{\"@type\":\"ListItem\",\"position\":1,\"name\":\"Home\",\"item\":\"https:\/\/atlasmarketingstudio.com\/es\/\"},{\"@type\":\"ListItem\",\"position\":2,\"name\":\"Servicios\"}]},{\"@type\":\"WebSite\",\"@id\":\"https:\/\/atlasmarketingstudio.com\/es\/#website\",\"url\":\"https:\/\/atlasmarketingstudio.com\/es\/\",\"name\":\"Atlas Marketing Studio\",\"description\":\"Marketing para marcas alimentarias en todo el mundo\",\"publisher\":{\"@id\":\"https:\/\/atlasmarketingstudio.com\/es\/#organization\"},\"alternateName\":\"Atlas\",\"potentialAction\":[{\"@type\":\"SearchAction\",\"target\":{\"@type\":\"EntryPoint\",\"urlTemplate\":\"https:\/\/atlasmarketingstudio.com\/es\/?s={search_term_string}\"},\"query-input\":{\"@type\":\"PropertyValueSpecification\",\"valueRequired\":true,\"valueName\":\"search_term_string\"}}],\"inLanguage\":\"es\"},{\"@type\":\"Organization\",\"@id\":\"https:\/\/atlasmarketingstudio.com\/es\/#organization\",\"name\":\"Atlas Marketing Studio\",\"alternateName\":\"Atlas\",\"url\":\"https:\/\/atlasmarketingstudio.com\/es\/\",\"logo\":{\"@type\":\"ImageObject\",\"inLanguage\":\"es\",\"@id\":\"https:\/\/atlasmarketingstudio.com\/es\/#\/schema\/logo\/image\/\",\"url\":\"https:\/\/atlasmarketingstudio.com\/wp-content\/uploads\/2024\/05\/atlas_asterisco_negro.png\",\"contentUrl\":\"https:\/\/atlasmarketingstudio.com\/wp-content\/uploads\/2024\/05\/atlas_asterisco_negro.png\",\"width\":200,\"height\":50,\"caption\":\"Atlas Marketing Studio\"},\"image\":{\"@id\":\"https:\/\/atlasmarketingstudio.com\/es\/#\/schema\/logo\/image\/\"},\"sameAs\":[\"https:\/\/www.linkedin.com\/company\/atlasmarketingstudio\",\"https:\/\/www.instagram.com\/atlasmarketingstudio\/\"]}]}<\/script>\n<!-- \/ Yoast SEO plugin. -->","yoast_head_json":{"title":"Servicios - Atlas Marketing Studio","robots":{"index":"index","follow":"follow","max-snippet":"max-snippet:-1","max-image-preview":"max-image-preview:large","max-video-preview":"max-video-preview:-1"},"canonical":"https:\/\/atlasmarketingstudio.com\/es\/servicios\/","og_locale":"es_ES","og_type":"article","og_title":"Servicios - Atlas Marketing Studio","og_description":"Nuestros servicios est\u00e1n dise\u00f1ados para mejorar la presencia de tu marca en distintos mercados y obtener resultados. Desde la creaci\u00f3n de contenido atractivo hasta soluciones estrat\u00e9gicas, estamos aqu\u00ed para amplificar tu mensaje y superar tus objetivos. Conceptualizaci\u00f3n y estrategia Creatividad, Branding &#038; Dise\u00f1o Planificaci\u00f3n y compra de medios Producci\u00f3n y contenido a escala Campa\u00f1as offline [&hellip;]","og_url":"https:\/\/atlasmarketingstudio.com\/es\/servicios\/","og_site_name":"Atlas Marketing Studio","article_modified_time":"2024-09-18T14:18:31+00:00","og_image":[{"width":1200,"height":675,"url":"https:\/\/atlasmarketingstudio.com\/wp-content\/uploads\/2025\/08\/Atlas-Marketing-Studio_international-agency_foodandbeverage_worldwide.png","type":"image\/png"}],"twitter_card":"summary_large_image","schema":{"@context":"https:\/\/schema.org","@graph":[{"@type":"WebPage","@id":"https:\/\/atlasmarketingstudio.com\/es\/servicios\/","url":"https:\/\/atlasmarketingstudio.com\/es\/servicios\/","name":"Servicios - Atlas Marketing Studio","isPartOf":{"@id":"https:\/\/atlasmarketingstudio.com\/es\/#website"},"primaryImageOfPage":{"@id":"https:\/\/atlasmarketingstudio.com\/es\/servicios\/#primaryimage"},"image":{"@id":"https:\/\/atlasmarketingstudio.com\/es\/servicios\/#primaryimage"},"thumbnailUrl":"https:\/\/atlasmarketingstudio.com\/wp-content\/uploads\/2024\/06\/service_icon2.svg","datePublished":"2024-08-28T12:04:23+00:00","dateModified":"2024-09-18T14:18:31+00:00","breadcrumb":{"@id":"https:\/\/atlasmarketingstudio.com\/es\/servicios\/#breadcrumb"},"inLanguage":"es","potentialAction":[{"@type":"ReadAction","target":["https:\/\/atlasmarketingstudio.com\/es\/servicios\/"]}]},{"@type":"ImageObject","inLanguage":"es","@id":"https:\/\/atlasmarketingstudio.com\/es\/servicios\/#primaryimage","url":"https:\/\/atlasmarketingstudio.com\/wp-content\/uploads\/2024\/06\/service_icon2.svg","contentUrl":"https:\/\/atlasmarketingstudio.com\/wp-content\/uploads\/2024\/06\/service_icon2.svg"},{"@type":"BreadcrumbList","@id":"https:\/\/atlasmarketingstudio.com\/es\/servicios\/#breadcrumb","itemListElement":[{"@type":"ListItem","position":1,"name":"Home","item":"https:\/\/atlasmarketingstudio.com\/es\/"},{"@type":"ListItem","position":2,"name":"Servicios"}]},{"@type":"WebSite","@id":"https:\/\/atlasmarketingstudio.com\/es\/#website","url":"https:\/\/atlasmarketingstudio.com\/es\/","name":"Atlas Marketing Studio","description":"Marketing para marcas alimentarias en todo el mundo","publisher":{"@id":"https:\/\/atlasmarketingstudio.com\/es\/#organization"},"alternateName":"Atlas","potentialAction":[{"@type":"SearchAction","target":{"@type":"EntryPoint","urlTemplate":"https:\/\/atlasmarketingstudio.com\/es\/?s={search_term_string}"},"query-input":{"@type":"PropertyValueSpecification","valueRequired":true,"valueName":"search_term_string"}}],"inLanguage":"es"},{"@type":"Organization","@id":"https:\/\/atlasmarketingstudio.com\/es\/#organization","name":"Atlas Marketing Studio","alternateName":"Atlas","url":"https:\/\/atlasmarketingstudio.com\/es\/","logo":{"@type":"ImageObject","inLanguage":"es","@id":"https:\/\/atlasmarketingstudio.com\/es\/#\/schema\/logo\/image\/","url":"https:\/\/atlasmarketingstudio.com\/wp-content\/uploads\/2024\/05\/atlas_asterisco_negro.png","contentUrl":"https:\/\/atlasmarketingstudio.com\/wp-content\/uploads\/2024\/05\/atlas_asterisco_negro.png","width":200,"height":50,"caption":"Atlas Marketing Studio"},"image":{"@id":"https:\/\/atlasmarketingstudio.com\/es\/#\/schema\/logo\/image\/"},"sameAs":["https:\/\/www.linkedin.com\/company\/atlasmarketingstudio","https:\/\/www.instagram.com\/atlasmarketingstudio\/"]}]}},"_links":{"self":[{"href":"https:\/\/atlasmarketingstudio.com\/es\/wp-json\/wp\/v2\/pages\/5884","targetHints":{"allow":["GET"]}}],"collection":[{"href":"https:\/\/atlasmarketingstudio.com\/es\/wp-json\/wp\/v2\/pages"}],"about":[{"href":"https:\/\/atlasmarketingstudio.com\/es\/wp-json\/wp\/v2\/types\/page"}],"author":[{"embeddable":true,"href":"https:\/\/atlasmarketingstudio.com\/es\/wp-json\/wp\/v2\/users\/1"}],"replies":[{"embeddable":true,"href":"https:\/\/atlasmarketingstudio.com\/es\/wp-json\/wp\/v2\/comments?post=5884"}],"version-history":[{"count":8,"href":"https:\/\/atlasmarketingstudio.com\/es\/wp-json\/wp\/v2\/pages\/5884\/revisions"}],"predecessor-version":[{"id":6742,"href":"https:\/\/atlasmarketingstudio.com\/es\/wp-json\/wp\/v2\/pages\/5884\/revisions\/6742"}],"wp:attachment":[{"href":"https:\/\/atlasmarketingstudio.com\/es\/wp-json\/wp\/v2\/media?parent=5884"}],"curies":[{"name":"wp","href":"https:\/\/api.w.org\/{rel}","templated":true}]}}